{"id":3780,"date":"2022-05-18T17:55:37","date_gmt":"2022-05-18T21:55:37","guid":{"rendered":"https:\/\/artcompose.ca\/privacy-policy\/"},"modified":"2023-10-23T09:10:32","modified_gmt":"2023-10-23T13:10:32","slug":"privacy-policy","status":"publish","type":"page","link":"https:\/\/artcompose.ca\/en\/privacy-policy\/","title":{"rendered":"Privacy Policy"},"content":{"rendered":"\n<h2 class=\"wp-block-heading\">Who we are<\/h2>\n\n<p>Responsible for privacy policy and contact : <strong>Milar\u00e9 Turgeon<\/strong><\/p>\n\n<p>Address : 27, rue Principale Nord Sutton (Qu\u00e9bec) J0E 2K0<\/p>\n\n<p>Email : <a href=\"mailto:info@artcompose.ca\">info@artcompose.ca<\/a><\/p>\n\n<p>Our website address is : <a href=\"https:\/\/artcompose.ca\/fr\/\">https:\/\/artcompose.ca\/fr\/<\/a><\/p>\n\n<h3 class=\"wp-block-heading\"> Our policy is simple<\/h3>\n\n<h2 class=\"wp-block-heading\"> Log files and cookies<\/h2>\n\n<p>We collect certain information through log files and cookies. This is mainly the following information:<\/p>\n\n<ul class=\"wp-block-list\">\n<li>IP address<\/li>\n\n\n\n<li>Operating system<\/li>\n\n\n\n<li>Visited pages and queries<\/li>\n\n\n\n<li>Time and day of connection<\/li>\n<\/ul>\n\n<p>The use of such files allows us to :<\/p>\n\n<ul class=\"wp-block-list\">\n<li>To improve our service and offer a personalized welcome;&#13;\nHelp us understand how our site is used with statistics.<\/li>\n<\/ul>\n\n<h3 class=\"wp-block-heading\"> More information and opt-out: Google Analytics<\/h3>\n\n<p>This Google Analytics integration anonymizes your IP address. It works by shortening users&#8217; IP addresses. Only in exceptional cases will the full IP address be sent to a Google server and shortened in the USA.<\/p>\n\n<p>Data collected: cookies and usage data.<\/p>\n\n<p>Place of processing: United States<\/p>\n\n<p><strong>Privacy policy<\/strong>: <a href=\"https:\/\/policies.google.com\/privacy\">https:\/\/policies.google.com\/privacy<\/a><\/p>\n\n<p><strong>Disengage<\/strong>: <a href=\"https:\/\/tools.google.com\/dlpage\/gaoptout\">https:\/\/tools.google.com\/dlpage\/gaoptout<\/a><\/p>\n\n<h2 class=\"wp-block-heading\">Contact forms<\/h2>\n\n<p>Contact form data is used so that you can contact us by e-mail. We do not store contact form submissions. By using our contact forms, you consent to us contacting you.<\/p>\n\n<p>We do not store any personal data.<\/p>\n","protected":false},"excerpt":{"rendered":"<p>Who we are Responsible for privacy policy and contact : Milar\u00e9 Turgeon Address : 27, rue Principale Nord Sutton (Qu\u00e9bec) J0E 2K0 Email : info@artcompose.ca Our website address is : https:\/\/artcompose.ca\/fr\/ Our policy is simple Log files and cookies We collect certain information through log files and cookies. This is mainly the following information: The&hellip;<\/p>\n","protected":false},"author":1,"featured_media":0,"parent":0,"menu_order":1000,"comment_status":"closed","ping_status":"closed","template":"","meta":{"footnotes":""},"class_list":["post-3780","page","type-page","status-publish","hentry"],"yoast_head":"<!-- This site is optimized with the Yoast SEO plugin v27.3 - https:\/\/yoast.com\/product\/yoast-seo-wordpress\/ -->\n<title>Privacy Policy - artcompos\u00e9<\/title>\n<meta name=\"robots\" content=\"index, follow, max-snippet:-1, max-image-preview:large, max-video-preview:-1\" \/>\n<link rel=\"canonical\" href=\"https:\/\/artcompose.ca\/en\/privacy-policy\/\" \/>\n<meta property=\"og:locale\" content=\"en_US\" \/>\n<meta property=\"og:type\" content=\"article\" \/>\n<meta property=\"og:title\" content=\"Privacy Policy - artcompos\u00e9\" \/>\n<meta property=\"og:description\" content=\"Who we are Responsible for privacy policy and contact : Milar\u00e9 Turgeon Address : 27, rue Principale Nord Sutton (Qu\u00e9bec) J0E 2K0 Email : info@artcompose.ca Our website address is : https:\/\/artcompose.ca\/fr\/ Our policy is simple Log files and cookies We collect certain information through log files and cookies. This is mainly the following information: The&hellip;\" \/>\n<meta property=\"og:url\" content=\"https:\/\/artcompose.ca\/en\/privacy-policy\/\" \/>\n<meta property=\"og:site_name\" content=\"artcompos\u00e9\" \/>\n<meta property=\"article:publisher\" content=\"https:\/\/www.facebook.com\/artcomposeinteriors\/\" \/>\n<meta property=\"article:modified_time\" content=\"2023-10-23T13:10:32+00:00\" \/>\n<meta property=\"og:image\" content=\"https:\/\/artcompose.ca\/wp-content\/uploads\/2022\/07\/Facebook_AC_fr.jpg\" \/>\n\t<meta property=\"og:image:width\" content=\"1200\" \/>\n\t<meta property=\"og:image:height\" content=\"630\" \/>\n\t<meta property=\"og:image:type\" content=\"image\/jpeg\" \/>\n<meta name=\"twitter:card\" content=\"summary_large_image\" \/>\n<meta name=\"twitter:label1\" content=\"Est. reading time\" \/>\n\t<meta name=\"twitter:data1\" content=\"1 minute\" \/>\n<script type=\"application\/ld+json\" class=\"yoast-schema-graph\">{\"@context\":\"https:\\\/\\\/schema.org\",\"@graph\":[{\"@type\":\"WebPage\",\"@id\":\"https:\\\/\\\/artcompose.ca\\\/en\\\/privacy-policy\\\/\",\"url\":\"https:\\\/\\\/artcompose.ca\\\/en\\\/privacy-policy\\\/\",\"name\":\"Privacy Policy - artcompos\u00e9\",\"isPartOf\":{\"@id\":\"https:\\\/\\\/artcompose.ca\\\/en\\\/#website\"},\"datePublished\":\"2022-05-18T21:55:37+00:00\",\"dateModified\":\"2023-10-23T13:10:32+00:00\",\"breadcrumb\":{\"@id\":\"https:\\\/\\\/artcompose.ca\\\/en\\\/privacy-policy\\\/#breadcrumb\"},\"inLanguage\":\"en-CA\",\"potentialAction\":[{\"@type\":\"ReadAction\",\"target\":[\"https:\\\/\\\/artcompose.ca\\\/en\\\/privacy-policy\\\/\"]}]},{\"@type\":\"BreadcrumbList\",\"@id\":\"https:\\\/\\\/artcompose.ca\\\/en\\\/privacy-policy\\\/#breadcrumb\",\"itemListElement\":[{\"@type\":\"ListItem\",\"position\":1,\"name\":\"Accueil\",\"item\":\"https:\\\/\\\/artcompose.ca\\\/en\\\/\"},{\"@type\":\"ListItem\",\"position\":2,\"name\":\"Privacy Policy\"}]},{\"@type\":\"WebSite\",\"@id\":\"https:\\\/\\\/artcompose.ca\\\/en\\\/#website\",\"url\":\"https:\\\/\\\/artcompose.ca\\\/en\\\/\",\"name\":\"artcompos\u00e9\",\"description\":\"Agence de design r\u00e9sidentiel, commercial et h\u00f4telier\",\"publisher\":{\"@id\":\"https:\\\/\\\/artcompose.ca\\\/en\\\/#organization\"},\"potentialAction\":[{\"@type\":\"SearchAction\",\"target\":{\"@type\":\"EntryPoint\",\"urlTemplate\":\"https:\\\/\\\/artcompose.ca\\\/en\\\/?s={search_term_string}\"},\"query-input\":{\"@type\":\"PropertyValueSpecification\",\"valueRequired\":true,\"valueName\":\"search_term_string\"}}],\"inLanguage\":\"en-CA\"},{\"@type\":\"Organization\",\"@id\":\"https:\\\/\\\/artcompose.ca\\\/en\\\/#organization\",\"name\":\"artcompos\u00e9\",\"url\":\"https:\\\/\\\/artcompose.ca\\\/en\\\/\",\"logo\":{\"@type\":\"ImageObject\",\"inLanguage\":\"en-CA\",\"@id\":\"https:\\\/\\\/artcompose.ca\\\/en\\\/#\\\/schema\\\/logo\\\/image\\\/\",\"url\":\"https:\\\/\\\/artcompose.ca\\\/wp-content\\\/uploads\\\/2022\\\/07\\\/Facebook_AC_fr.jpg\",\"contentUrl\":\"https:\\\/\\\/artcompose.ca\\\/wp-content\\\/uploads\\\/2022\\\/07\\\/Facebook_AC_fr.jpg\",\"width\":1200,\"height\":630,\"caption\":\"artcompos\u00e9\"},\"image\":{\"@id\":\"https:\\\/\\\/artcompose.ca\\\/en\\\/#\\\/schema\\\/logo\\\/image\\\/\"},\"sameAs\":[\"https:\\\/\\\/www.facebook.com\\\/artcomposeinteriors\\\/\",\"https:\\\/\\\/www.instagram.com\\\/artcomposeinteriors\\\/\"]}]}<\/script>\n<!-- \/ Yoast SEO plugin. -->","yoast_head_json":{"title":"Privacy Policy - artcompos\u00e9","robots":{"index":"index","follow":"follow","max-snippet":"max-snippet:-1","max-image-preview":"max-image-preview:large","max-video-preview":"max-video-preview:-1"},"canonical":"https:\/\/artcompose.ca\/en\/privacy-policy\/","og_locale":"en_US","og_type":"article","og_title":"Privacy Policy - artcompos\u00e9","og_description":"Who we are Responsible for privacy policy and contact : Milar\u00e9 Turgeon Address : 27, rue Principale Nord Sutton (Qu\u00e9bec) J0E 2K0 Email : info@artcompose.ca Our website address is : https:\/\/artcompose.ca\/fr\/ Our policy is simple Log files and cookies We collect certain information through log files and cookies. This is mainly the following information: The&hellip;","og_url":"https:\/\/artcompose.ca\/en\/privacy-policy\/","og_site_name":"artcompos\u00e9","article_publisher":"https:\/\/www.facebook.com\/artcomposeinteriors\/","article_modified_time":"2023-10-23T13:10:32+00:00","og_image":[{"width":1200,"height":630,"url":"https:\/\/artcompose.ca\/wp-content\/uploads\/2022\/07\/Facebook_AC_fr.jpg","type":"image\/jpeg"}],"twitter_card":"summary_large_image","twitter_misc":{"Est. reading time":"1 minute"},"schema":{"@context":"https:\/\/schema.org","@graph":[{"@type":"WebPage","@id":"https:\/\/artcompose.ca\/en\/privacy-policy\/","url":"https:\/\/artcompose.ca\/en\/privacy-policy\/","name":"Privacy Policy - artcompos\u00e9","isPartOf":{"@id":"https:\/\/artcompose.ca\/en\/#website"},"datePublished":"2022-05-18T21:55:37+00:00","dateModified":"2023-10-23T13:10:32+00:00","breadcrumb":{"@id":"https:\/\/artcompose.ca\/en\/privacy-policy\/#breadcrumb"},"inLanguage":"en-CA","potentialAction":[{"@type":"ReadAction","target":["https:\/\/artcompose.ca\/en\/privacy-policy\/"]}]},{"@type":"BreadcrumbList","@id":"https:\/\/artcompose.ca\/en\/privacy-policy\/#breadcrumb","itemListElement":[{"@type":"ListItem","position":1,"name":"Accueil","item":"https:\/\/artcompose.ca\/en\/"},{"@type":"ListItem","position":2,"name":"Privacy Policy"}]},{"@type":"WebSite","@id":"https:\/\/artcompose.ca\/en\/#website","url":"https:\/\/artcompose.ca\/en\/","name":"artcompos\u00e9","description":"Agence de design r\u00e9sidentiel, commercial et h\u00f4telier","publisher":{"@id":"https:\/\/artcompose.ca\/en\/#organization"},"potentialAction":[{"@type":"SearchAction","target":{"@type":"EntryPoint","urlTemplate":"https:\/\/artcompose.ca\/en\/?s={search_term_string}"},"query-input":{"@type":"PropertyValueSpecification","valueRequired":true,"valueName":"search_term_string"}}],"inLanguage":"en-CA"},{"@type":"Organization","@id":"https:\/\/artcompose.ca\/en\/#organization","name":"artcompos\u00e9","url":"https:\/\/artcompose.ca\/en\/","logo":{"@type":"ImageObject","inLanguage":"en-CA","@id":"https:\/\/artcompose.ca\/en\/#\/schema\/logo\/image\/","url":"https:\/\/artcompose.ca\/wp-content\/uploads\/2022\/07\/Facebook_AC_fr.jpg","contentUrl":"https:\/\/artcompose.ca\/wp-content\/uploads\/2022\/07\/Facebook_AC_fr.jpg","width":1200,"height":630,"caption":"artcompos\u00e9"},"image":{"@id":"https:\/\/artcompose.ca\/en\/#\/schema\/logo\/image\/"},"sameAs":["https:\/\/www.facebook.com\/artcomposeinteriors\/","https:\/\/www.instagram.com\/artcomposeinteriors\/"]}]}},"_links":{"self":[{"href":"https:\/\/artcompose.ca\/en\/wp-json\/wp\/v2\/pages\/3780","targetHints":{"allow":["GET"]}}],"collection":[{"href":"https:\/\/artcompose.ca\/en\/wp-json\/wp\/v2\/pages"}],"about":[{"href":"https:\/\/artcompose.ca\/en\/wp-json\/wp\/v2\/types\/page"}],"author":[{"embeddable":true,"href":"https:\/\/artcompose.ca\/en\/wp-json\/wp\/v2\/users\/1"}],"replies":[{"embeddable":true,"href":"https:\/\/artcompose.ca\/en\/wp-json\/wp\/v2\/comments?post=3780"}],"version-history":[{"count":1,"href":"https:\/\/artcompose.ca\/en\/wp-json\/wp\/v2\/pages\/3780\/revisions"}],"predecessor-version":[{"id":3781,"href":"https:\/\/artcompose.ca\/en\/wp-json\/wp\/v2\/pages\/3780\/revisions\/3781"}],"wp:attachment":[{"href":"https:\/\/artcompose.ca\/en\/wp-json\/wp\/v2\/media?parent=3780"}],"curies":[{"name":"wp","href":"https:\/\/api.w.org\/{rel}","templated":true}]}}