{"id":3274,"date":"2022-05-19T17:32:09","date_gmt":"2022-05-19T21:32:09","guid":{"rendered":"https:\/\/artcompose.ca\/contact\/"},"modified":"2024-03-26T14:51:38","modified_gmt":"2024-03-26T18:51:38","slug":"contact","status":"publish","type":"page","link":"https:\/\/artcompose.ca\/en\/contact\/","title":{"rendered":"Contact"},"content":{"rendered":"\n<h1>\n\t\tWrite to us!\n\t<\/h1>\n\t<p>Use this form to tell us about your project.<\/p>\n<p>We will write to you to set up a time to discuss it.<\/p>\n<form>\n\t<input type=\"hidden\" name=\"fl-layout-id\" value=\"3274\" \/>\n    \t\t<label for=\"pp-name-\">Name<\/label>\n    \t\tPlease enter your name.\n    \t\t<input type=\"text\" name=\"pp-name\" id=\"pp-name-\" value=\"\" placeholder=\"Name\"  \/>\n    \t\t<label for=\"pp-email-\">Email<\/label>\n    \t\tPlease enter a valid email address.\n    \t\t<input type=\"email\" name=\"pp-email\" id=\"pp-email-\" value=\"\" placeholder=\"Email\"  \/>\n    \t\t<label for=\"pp-phone-\">Phone<\/label>\n    \t\tPlease enter a valid phone number.\n    \t\t<input type=\"tel\" name=\"pp-phone\" id=\"pp-phone-\" value=\"\" placeholder=\"Phone\"  \/>\n    \t\t<label for=\"pp-subject-\">What type of service would you like?<\/label>\n    \t\tPlease enter a subject.\n    \t\t<input type=\"text\" name=\"pp-subject\" id=\"pp-subject-\" value=\"\" placeholder=\"What type of service would you like?\"  \/>\n    \t\t<label for=\"pp-message-\">Message<\/label>\n    \t\tPlease type your message.\n    \t\t<textarea name=\"pp-message\" id=\"pp-message-\" placeholder=\"Message\"><\/textarea>\n\t\t\t<p>Please check the captcha to verify you are not a robot.<\/p>\n    \t<a href=\"#\" target=\"_self\" role=\"button\" rel=\"noopener\">\n    \t\t    \t\t    \t\tSend us your message\n    \t\t    \t\t    \t<\/a>\n\t\t\tMessage \u00e9chou\u00e9. Veuillez essayer de nouveau.\n<\/form>\n  <p>Thank you for your message! We&#8217;ll be in touch soon.<\/p>\n<h1>\n\t\tContact us!\n\t<\/h1>\n<h5>\n\t\tBusiness hours\n\t<\/h5>\n\t\t<meta itemprop=\"name\" content=\"artcompos\u00e9\" \/>\n\t\t\t\t\t\t<link itemprop=\"dayOfWeek\" href=\"http:\/\/schema.org\/Monday\" \/>Monday\t\t\n\t\t\t\t<time itemprop=\"opens\" content=\"8:00 AM\">8:00 AM<\/time> &ndash; <time itemprop=\"closes\" content=\"6:00 PM\">6:00 PM<\/time>\t\t\t\n\t\t\t\t\t\t<link itemprop=\"dayOfWeek\" href=\"http:\/\/schema.org\/Tuesday\" \/>Tuesday\t\t\n\t\t\t\t<time itemprop=\"opens\" content=\"8:00 AM\">8:00 AM<\/time> &ndash; <time itemprop=\"closes\" content=\"6:00 PM\">6:00 PM<\/time>\t\t\t\n\t\t\t\t\t\t<link itemprop=\"dayOfWeek\" href=\"http:\/\/schema.org\/Wednesday\" \/>Wednesday\t\t\n\t\t\t\t<time itemprop=\"opens\" content=\"8:00 AM\">8:00 AM<\/time> &ndash; <time itemprop=\"closes\" content=\"6:00 PM\">6:00 PM<\/time>\t\t\t\n\t\t\t\t\t\t<link itemprop=\"dayOfWeek\" href=\"http:\/\/schema.org\/Thursday\" \/>Thursday\t\t\n\t\t\t\t<time itemprop=\"opens\" content=\"8:00 AM\">8:00 AM<\/time> &ndash; <time itemprop=\"closes\" content=\"6:00 PM\">6:00 PM<\/time>\t\t\t\n\t\t\t\t\t\t<link itemprop=\"dayOfWeek\" href=\"http:\/\/schema.org\/Friday\" \/>Friday\t\t\n\t\t\t\t<time itemprop=\"opens\" content=\"8:00 AM\">8:00 AM<\/time> &ndash; <time itemprop=\"closes\" content=\"3:00 PM\">3:00 PM<\/time>\t\t\t\n<h5>\n\t\tAddress\n\t<\/h5>\n<h5>\n\t\tContact\n\t<\/h5>\n<h5>\n\t\tShare this page.\n\t<\/h5>\n<h2>\n\t\tLet us inspire you! \n\t<\/h2>\n\t<p>Sign up for design notes from Artcompos\u00e9.<\/p>\n<p>&nbsp;<\/p>\n\t<p>You can unsubscribe at any time.<\/p>\n\n","protected":false},"excerpt":{"rendered":"<p>Write to us! Use this form to tell us about your project. We will write to you to set up a time to discuss it. Name Please enter your name. Email Please enter a valid email address. Phone Please enter a valid phone number. What type of service would you like? Please enter a subject.&hellip;<\/p>\n","protected":false},"author":1,"featured_media":0,"parent":0,"menu_order":90,"comment_status":"closed","ping_status":"closed","template":"","meta":{"footnotes":""},"class_list":["post-3274","page","type-page","status-publish","hentry"],"yoast_head":"<!-- This site is optimized with the Yoast SEO plugin v27.4 - https:\/\/yoast.com\/product\/yoast-seo-wordpress\/ -->\n<title>Contact - artcompos\u00e9<\/title>\n<meta name=\"description\" content=\"Design int\u00e9rieur \u00e0 Sutton : Dans la beaut\u00e9 et la nature nous trouvons le calme.\" \/>\n<meta name=\"robots\" content=\"index, follow, max-snippet:-1, max-image-preview:large, max-video-preview:-1\" \/>\n<link rel=\"canonical\" href=\"https:\/\/artcompose.ca\/en\/contact\/\" \/>\n<meta property=\"og:locale\" content=\"en_US\" \/>\n<meta property=\"og:type\" content=\"article\" \/>\n<meta property=\"og:title\" content=\"Contact - artcompos\u00e9\" \/>\n<meta property=\"og:description\" content=\"Design int\u00e9rieur \u00e0 Sutton : Dans la beaut\u00e9 et la nature nous trouvons le calme.\" \/>\n<meta property=\"og:url\" content=\"https:\/\/artcompose.ca\/en\/contact\/\" \/>\n<meta property=\"og:site_name\" content=\"artcompos\u00e9\" \/>\n<meta property=\"article:publisher\" content=\"https:\/\/www.facebook.com\/artcomposeinteriors\/\" \/>\n<meta property=\"article:modified_time\" content=\"2024-03-26T18:51:38+00:00\" \/>\n<meta property=\"og:image\" content=\"https:\/\/artcompose.ca\/wp-content\/uploads\/2022\/07\/Facebook_AC_fr.jpg\" \/>\n\t<meta property=\"og:image:width\" content=\"1200\" \/>\n\t<meta property=\"og:image:height\" content=\"630\" \/>\n\t<meta property=\"og:image:type\" content=\"image\/jpeg\" \/>\n<meta name=\"twitter:card\" content=\"summary_large_image\" \/>\n<meta name=\"twitter:label1\" content=\"Est. reading time\" \/>\n\t<meta name=\"twitter:data1\" content=\"2 minutes\" \/>\n<script type=\"application\/ld+json\" class=\"yoast-schema-graph\">{\"@context\":\"https:\\\/\\\/schema.org\",\"@graph\":[{\"@type\":\"WebPage\",\"@id\":\"https:\\\/\\\/artcompose.ca\\\/en\\\/contact\\\/\",\"url\":\"https:\\\/\\\/artcompose.ca\\\/en\\\/contact\\\/\",\"name\":\"Contact - artcompos\u00e9\",\"isPartOf\":{\"@id\":\"https:\\\/\\\/artcompose.ca\\\/en\\\/#website\"},\"datePublished\":\"2022-05-19T21:32:09+00:00\",\"dateModified\":\"2024-03-26T18:51:38+00:00\",\"description\":\"Design int\u00e9rieur \u00e0 Sutton : Dans la beaut\u00e9 et la nature nous trouvons le calme.\",\"breadcrumb\":{\"@id\":\"https:\\\/\\\/artcompose.ca\\\/en\\\/contact\\\/#breadcrumb\"},\"inLanguage\":\"en-CA\",\"potentialAction\":[{\"@type\":\"ReadAction\",\"target\":[\"https:\\\/\\\/artcompose.ca\\\/en\\\/contact\\\/\"]}]},{\"@type\":\"BreadcrumbList\",\"@id\":\"https:\\\/\\\/artcompose.ca\\\/en\\\/contact\\\/#breadcrumb\",\"itemListElement\":[{\"@type\":\"ListItem\",\"position\":1,\"name\":\"Accueil\",\"item\":\"https:\\\/\\\/artcompose.ca\\\/en\\\/\"},{\"@type\":\"ListItem\",\"position\":2,\"name\":\"Contact\"}]},{\"@type\":\"WebSite\",\"@id\":\"https:\\\/\\\/artcompose.ca\\\/en\\\/#website\",\"url\":\"https:\\\/\\\/artcompose.ca\\\/en\\\/\",\"name\":\"artcompos\u00e9\",\"description\":\"Agence de design r\u00e9sidentiel, commercial et h\u00f4telier\",\"publisher\":{\"@id\":\"https:\\\/\\\/artcompose.ca\\\/en\\\/#organization\"},\"potentialAction\":[{\"@type\":\"SearchAction\",\"target\":{\"@type\":\"EntryPoint\",\"urlTemplate\":\"https:\\\/\\\/artcompose.ca\\\/en\\\/?s={search_term_string}\"},\"query-input\":{\"@type\":\"PropertyValueSpecification\",\"valueRequired\":true,\"valueName\":\"search_term_string\"}}],\"inLanguage\":\"en-CA\"},{\"@type\":\"Organization\",\"@id\":\"https:\\\/\\\/artcompose.ca\\\/en\\\/#organization\",\"name\":\"artcompos\u00e9\",\"url\":\"https:\\\/\\\/artcompose.ca\\\/en\\\/\",\"logo\":{\"@type\":\"ImageObject\",\"inLanguage\":\"en-CA\",\"@id\":\"https:\\\/\\\/artcompose.ca\\\/en\\\/#\\\/schema\\\/logo\\\/image\\\/\",\"url\":\"https:\\\/\\\/artcompose.ca\\\/wp-content\\\/uploads\\\/2022\\\/07\\\/Facebook_AC_fr.jpg\",\"contentUrl\":\"https:\\\/\\\/artcompose.ca\\\/wp-content\\\/uploads\\\/2022\\\/07\\\/Facebook_AC_fr.jpg\",\"width\":1200,\"height\":630,\"caption\":\"artcompos\u00e9\"},\"image\":{\"@id\":\"https:\\\/\\\/artcompose.ca\\\/en\\\/#\\\/schema\\\/logo\\\/image\\\/\"},\"sameAs\":[\"https:\\\/\\\/www.facebook.com\\\/artcomposeinteriors\\\/\",\"https:\\\/\\\/www.instagram.com\\\/artcomposeinteriors\\\/\"]}]}<\/script>\n<!-- \/ Yoast SEO plugin. -->","yoast_head_json":{"title":"Contact - artcompos\u00e9","description":"Design int\u00e9rieur \u00e0 Sutton : Dans la beaut\u00e9 et la nature nous trouvons le calme.","robots":{"index":"index","follow":"follow","max-snippet":"max-snippet:-1","max-image-preview":"max-image-preview:large","max-video-preview":"max-video-preview:-1"},"canonical":"https:\/\/artcompose.ca\/en\/contact\/","og_locale":"en_US","og_type":"article","og_title":"Contact - artcompos\u00e9","og_description":"Design int\u00e9rieur \u00e0 Sutton : Dans la beaut\u00e9 et la nature nous trouvons le calme.","og_url":"https:\/\/artcompose.ca\/en\/contact\/","og_site_name":"artcompos\u00e9","article_publisher":"https:\/\/www.facebook.com\/artcomposeinteriors\/","article_modified_time":"2024-03-26T18:51:38+00:00","og_image":[{"width":1200,"height":630,"url":"https:\/\/artcompose.ca\/wp-content\/uploads\/2022\/07\/Facebook_AC_fr.jpg","type":"image\/jpeg"}],"twitter_card":"summary_large_image","twitter_misc":{"Est. reading time":"2 minutes"},"schema":{"@context":"https:\/\/schema.org","@graph":[{"@type":"WebPage","@id":"https:\/\/artcompose.ca\/en\/contact\/","url":"https:\/\/artcompose.ca\/en\/contact\/","name":"Contact - artcompos\u00e9","isPartOf":{"@id":"https:\/\/artcompose.ca\/en\/#website"},"datePublished":"2022-05-19T21:32:09+00:00","dateModified":"2024-03-26T18:51:38+00:00","description":"Design int\u00e9rieur \u00e0 Sutton : Dans la beaut\u00e9 et la nature nous trouvons le calme.","breadcrumb":{"@id":"https:\/\/artcompose.ca\/en\/contact\/#breadcrumb"},"inLanguage":"en-CA","potentialAction":[{"@type":"ReadAction","target":["https:\/\/artcompose.ca\/en\/contact\/"]}]},{"@type":"BreadcrumbList","@id":"https:\/\/artcompose.ca\/en\/contact\/#breadcrumb","itemListElement":[{"@type":"ListItem","position":1,"name":"Accueil","item":"https:\/\/artcompose.ca\/en\/"},{"@type":"ListItem","position":2,"name":"Contact"}]},{"@type":"WebSite","@id":"https:\/\/artcompose.ca\/en\/#website","url":"https:\/\/artcompose.ca\/en\/","name":"artcompos\u00e9","description":"Agence de design r\u00e9sidentiel, commercial et h\u00f4telier","publisher":{"@id":"https:\/\/artcompose.ca\/en\/#organization"},"potentialAction":[{"@type":"SearchAction","target":{"@type":"EntryPoint","urlTemplate":"https:\/\/artcompose.ca\/en\/?s={search_term_string}"},"query-input":{"@type":"PropertyValueSpecification","valueRequired":true,"valueName":"search_term_string"}}],"inLanguage":"en-CA"},{"@type":"Organization","@id":"https:\/\/artcompose.ca\/en\/#organization","name":"artcompos\u00e9","url":"https:\/\/artcompose.ca\/en\/","logo":{"@type":"ImageObject","inLanguage":"en-CA","@id":"https:\/\/artcompose.ca\/en\/#\/schema\/logo\/image\/","url":"https:\/\/artcompose.ca\/wp-content\/uploads\/2022\/07\/Facebook_AC_fr.jpg","contentUrl":"https:\/\/artcompose.ca\/wp-content\/uploads\/2022\/07\/Facebook_AC_fr.jpg","width":1200,"height":630,"caption":"artcompos\u00e9"},"image":{"@id":"https:\/\/artcompose.ca\/en\/#\/schema\/logo\/image\/"},"sameAs":["https:\/\/www.facebook.com\/artcomposeinteriors\/","https:\/\/www.instagram.com\/artcomposeinteriors\/"]}]}},"_links":{"self":[{"href":"https:\/\/artcompose.ca\/en\/wp-json\/wp\/v2\/pages\/3274","targetHints":{"allow":["GET"]}}],"collection":[{"href":"https:\/\/artcompose.ca\/en\/wp-json\/wp\/v2\/pages"}],"about":[{"href":"https:\/\/artcompose.ca\/en\/wp-json\/wp\/v2\/types\/page"}],"author":[{"embeddable":true,"href":"https:\/\/artcompose.ca\/en\/wp-json\/wp\/v2\/users\/1"}],"replies":[{"embeddable":true,"href":"https:\/\/artcompose.ca\/en\/wp-json\/wp\/v2\/comments?post=3274"}],"version-history":[{"count":9,"href":"https:\/\/artcompose.ca\/en\/wp-json\/wp\/v2\/pages\/3274\/revisions"}],"predecessor-version":[{"id":4545,"href":"https:\/\/artcompose.ca\/en\/wp-json\/wp\/v2\/pages\/3274\/revisions\/4545"}],"wp:attachment":[{"href":"https:\/\/artcompose.ca\/en\/wp-json\/wp\/v2\/media?parent=3274"}],"curies":[{"name":"wp","href":"https:\/\/api.w.org\/{rel}","templated":true}]}}