{"id":3258,"date":"2022-05-19T17:30:19","date_gmt":"2022-05-19T21:30:19","guid":{"rendered":"https:\/\/artcompose.ca\/media\/"},"modified":"2024-03-26T14:55:04","modified_gmt":"2024-03-26T18:55:04","slug":"media","status":"publish","type":"page","link":"https:\/\/artcompose.ca\/en\/media\/","title":{"rendered":"Media"},"content":{"rendered":"\n\n\t<h2>It&#8217;s all in the details and the mix of styles to create spaces with character, that can harmonize places with the use of materials whose natural patina evolves over time.<\/h2>\n\t<h1>Discover some of our projects and ideas to inspire you.<\/h1>\n\t<meta itemscope itemprop=\"mainEntityOfPage\" itemtype=\"https:\/\/schema.org\/WebPage\" itemid=\"http:\/\/3290\" content=\"Maison &#038; Demeure mai 2021\" \/><meta itemprop=\"datePublished\" content=\"2022-06-02\" \/><meta itemprop=\"dateModified\" content=\"2022-06-02\" \/><meta itemprop=\"name\" content=\"artcompos\u00e9\"\/><meta itemprop=\"url\" content=\"https:\/\/artcompose.ca\/en\/author\/th_artcompose\/\" \/><meta itemprop=\"name\" content=\"th_artcompose\" \/><meta itemprop=\"interactionType\" content=\"https:\/\/schema.org\/CommentAction\" \/><meta itemprop=\"userInteractionCount\" content=\"0\" \/>\n\t<meta itemscope itemprop=\"mainEntityOfPage\" itemtype=\"https:\/\/schema.org\/WebPage\" itemid=\"http:\/\/3291\" content=\"Maison &#038; Demeure 2021\" \/><meta itemprop=\"datePublished\" content=\"2021-06-02\" \/><meta itemprop=\"dateModified\" content=\"2021-06-02\" \/><meta itemprop=\"name\" content=\"artcompos\u00e9\"\/><meta itemprop=\"url\" content=\"https:\/\/artcompose.ca\/en\/author\/th_artcompose\/\" \/><meta itemprop=\"name\" content=\"th_artcompose\" \/><meta itemprop=\"url\" content=\"https:\/\/artcompose.ca\/wp-content\/uploads\/2022\/06\/maison-demeure-2021.jpg\" \/><meta itemprop=\"width\" content=\"750\" \/><meta itemprop=\"height\" content=\"1000\" \/><meta itemprop=\"interactionType\" content=\"https:\/\/schema.org\/CommentAction\" \/><meta itemprop=\"userInteractionCount\" content=\"0\" \/>\n\t<a href='https:\/\/artcompose.ca\/en\/maison-demeure-2021\/' title='Maison &#038; Demeure 2021'><img width=\"750\" height=\"1000\" src=\"https:\/\/artcompose.ca\/wp-content\/uploads\/2022\/06\/maison-demeure-2021.jpg\" alt=\"Maison &amp; Demeure Janvier 2021\" itemprop=\"image\" decoding=\"async\" loading=\"lazy\" srcset=\"https:\/\/artcompose.ca\/wp-content\/uploads\/2022\/06\/maison-demeure-2021.jpg 750w, https:\/\/artcompose.ca\/wp-content\/uploads\/2022\/06\/maison-demeure-2021-225x300.jpg 225w\" sizes=\"auto, (max-width: 750px) 100vw, 750px\" \/><\/a>\n    <h3><a href='https:\/\/artcompose.ca\/en\/maison-demeure-2021\/' title='Maison &#038; Demeure 2021'>Maison &#038; Demeure 2021<\/a><\/h3>\n\t<meta itemscope itemprop=\"mainEntityOfPage\" itemtype=\"https:\/\/schema.org\/WebPage\" itemid=\"http:\/\/3292\" content=\"Maison &#038; Demeure April 2020\" \/><meta itemprop=\"datePublished\" content=\"2020-06-02\" \/><meta itemprop=\"dateModified\" content=\"2020-06-02\" \/><meta itemprop=\"name\" content=\"artcompos\u00e9\"\/><meta itemprop=\"url\" content=\"https:\/\/artcompose.ca\/en\/author\/th_artcompose\/\" \/><meta itemprop=\"name\" content=\"th_artcompose\" \/><meta itemprop=\"interactionType\" content=\"https:\/\/schema.org\/CommentAction\" \/><meta itemprop=\"userInteractionCount\" content=\"0\" \/>\n\t<meta itemscope itemprop=\"mainEntityOfPage\" itemtype=\"https:\/\/schema.org\/WebPage\" itemid=\"http:\/\/3293\" content=\"Montreal Home 2014\" \/><meta itemprop=\"datePublished\" content=\"2014-06-02\" \/><meta itemprop=\"dateModified\" content=\"2014-06-02\" \/><meta itemprop=\"name\" content=\"artcompos\u00e9\"\/><meta itemprop=\"url\" content=\"https:\/\/artcompose.ca\/en\/author\/th_artcompose\/\" \/><meta itemprop=\"name\" content=\"th_artcompose\" \/><meta itemprop=\"url\" content=\"https:\/\/artcompose.ca\/wp-content\/uploads\/2022\/06\/Montreal_home-april-2014.jpg\" \/><meta itemprop=\"width\" content=\"1777\" \/><meta itemprop=\"height\" content=\"2153\" \/><meta itemprop=\"interactionType\" content=\"https:\/\/schema.org\/CommentAction\" \/><meta itemprop=\"userInteractionCount\" content=\"0\" \/>\n\t<a href='https:\/\/artcompose.ca\/en\/montreal-home-2014\/' title='Montreal Home 2014'><img width=\"845\" height=\"1024\" src=\"https:\/\/artcompose.ca\/wp-content\/uploads\/2022\/06\/Montreal_home-april-2014-845x1024.jpg\" alt=\"Montreal Home Printemps Avril 2014\" itemprop=\"image\" decoding=\"async\" loading=\"lazy\" srcset=\"https:\/\/artcompose.ca\/wp-content\/uploads\/2022\/06\/Montreal_home-april-2014-845x1024.jpg 845w, https:\/\/artcompose.ca\/wp-content\/uploads\/2022\/06\/Montreal_home-april-2014-248x300.jpg 248w, https:\/\/artcompose.ca\/wp-content\/uploads\/2022\/06\/Montreal_home-april-2014-768x931.jpg 768w, https:\/\/artcompose.ca\/wp-content\/uploads\/2022\/06\/Montreal_home-april-2014-1268x1536.jpg 1268w, https:\/\/artcompose.ca\/wp-content\/uploads\/2022\/06\/Montreal_home-april-2014-1690x2048.jpg 1690w, https:\/\/artcompose.ca\/wp-content\/uploads\/2022\/06\/Montreal_home-april-2014.jpg 1777w\" sizes=\"auto, (max-width: 845px) 100vw, 845px\" \/><\/a>\n    <h3><a href='https:\/\/artcompose.ca\/en\/montreal-home-2014\/' title='Montreal Home 2014'>Montreal Home 2014<\/a><\/h3>\n\t<meta itemscope itemprop=\"mainEntityOfPage\" itemtype=\"https:\/\/schema.org\/WebPage\" itemid=\"http:\/\/3294\" content=\"Chez Soi 2014\" \/><meta itemprop=\"datePublished\" content=\"2014-06-02\" \/><meta itemprop=\"dateModified\" content=\"2014-06-02\" \/><meta itemprop=\"name\" content=\"artcompos\u00e9\"\/><meta itemprop=\"url\" content=\"https:\/\/artcompose.ca\/en\/author\/th_artcompose\/\" \/><meta itemprop=\"name\" content=\"th_artcompose\" \/><meta itemprop=\"url\" content=\"https:\/\/artcompose.ca\/wp-content\/uploads\/2022\/06\/chez-soi-avril-2014.jpg\" \/><meta itemprop=\"width\" content=\"1681\" \/><meta itemprop=\"height\" content=\"2137\" \/><meta itemprop=\"interactionType\" content=\"https:\/\/schema.org\/CommentAction\" \/><meta itemprop=\"userInteractionCount\" content=\"0\" \/>\n\t<a href='https:\/\/artcompose.ca\/en\/chez-soi-2014\/' title='Chez Soi 2014'><img width=\"805\" height=\"1024\" src=\"https:\/\/artcompose.ca\/wp-content\/uploads\/2022\/06\/chez-soi-avril-2014-805x1024.jpg\" alt=\"Chez Soi avril 2014\" itemprop=\"image\" decoding=\"async\" loading=\"lazy\" srcset=\"https:\/\/artcompose.ca\/wp-content\/uploads\/2022\/06\/chez-soi-avril-2014-805x1024.jpg 805w, https:\/\/artcompose.ca\/wp-content\/uploads\/2022\/06\/chez-soi-avril-2014-236x300.jpg 236w, https:\/\/artcompose.ca\/wp-content\/uploads\/2022\/06\/chez-soi-avril-2014-768x976.jpg 768w, https:\/\/artcompose.ca\/wp-content\/uploads\/2022\/06\/chez-soi-avril-2014-1208x1536.jpg 1208w, https:\/\/artcompose.ca\/wp-content\/uploads\/2022\/06\/chez-soi-avril-2014-1611x2048.jpg 1611w, https:\/\/artcompose.ca\/wp-content\/uploads\/2022\/06\/chez-soi-avril-2014.jpg 1681w\" sizes=\"auto, (max-width: 805px) 100vw, 805px\" \/><\/a>\n    <h3><a href='https:\/\/artcompose.ca\/en\/chez-soi-2014\/' title='Chez Soi 2014'>Chez Soi 2014<\/a><\/h3>\n\t<meta itemscope itemprop=\"mainEntityOfPage\" itemtype=\"https:\/\/schema.org\/WebPage\" itemid=\"http:\/\/3295\" content=\"House &#038; Home 2014\" \/><meta itemprop=\"datePublished\" content=\"2014-06-02\" \/><meta itemprop=\"dateModified\" content=\"2014-06-02\" \/><meta itemprop=\"name\" content=\"artcompos\u00e9\"\/><meta itemprop=\"url\" content=\"https:\/\/artcompose.ca\/en\/author\/th_artcompose\/\" \/><meta itemprop=\"name\" content=\"th_artcompose\" \/><meta itemprop=\"url\" content=\"https:\/\/artcompose.ca\/wp-content\/uploads\/2022\/06\/house-home-special.jpg\" \/><meta itemprop=\"width\" content=\"1697\" \/><meta itemprop=\"height\" content=\"2105\" \/><meta itemprop=\"interactionType\" content=\"https:\/\/schema.org\/CommentAction\" \/><meta itemprop=\"userInteractionCount\" content=\"0\" \/>\n\t<a href='https:\/\/artcompose.ca\/en\/house-home-2014\/' title='House &#038; Home 2014'><img width=\"826\" height=\"1024\" src=\"https:\/\/artcompose.ca\/wp-content\/uploads\/2022\/06\/house-home-special-826x1024.jpg\" alt=\"House &amp; Home Special Edition\" itemprop=\"image\" decoding=\"async\" loading=\"lazy\" srcset=\"https:\/\/artcompose.ca\/wp-content\/uploads\/2022\/06\/house-home-special-826x1024.jpg 826w, https:\/\/artcompose.ca\/wp-content\/uploads\/2022\/06\/house-home-special-242x300.jpg 242w, https:\/\/artcompose.ca\/wp-content\/uploads\/2022\/06\/house-home-special-768x953.jpg 768w, https:\/\/artcompose.ca\/wp-content\/uploads\/2022\/06\/house-home-special-1238x1536.jpg 1238w, https:\/\/artcompose.ca\/wp-content\/uploads\/2022\/06\/house-home-special-1651x2048.jpg 1651w, https:\/\/artcompose.ca\/wp-content\/uploads\/2022\/06\/house-home-special.jpg 1697w\" sizes=\"auto, (max-width: 826px) 100vw, 826px\" \/><\/a>\n    <h3><a href='https:\/\/artcompose.ca\/en\/house-home-2014\/' title='House &#038; Home 2014'>House &#038; Home 2014<\/a><\/h3>\n\t<meta itemscope itemprop=\"mainEntityOfPage\" itemtype=\"https:\/\/schema.org\/WebPage\" itemid=\"http:\/\/3296\" content=\"Montreal Home 2012\" \/><meta itemprop=\"datePublished\" content=\"2012-06-02\" \/><meta itemprop=\"dateModified\" content=\"2012-06-02\" \/><meta itemprop=\"name\" content=\"artcompos\u00e9\"\/><meta itemprop=\"url\" content=\"https:\/\/artcompose.ca\/en\/author\/th_artcompose\/\" \/><meta itemprop=\"name\" content=\"th_artcompose\" \/><meta itemprop=\"url\" content=\"https:\/\/artcompose.ca\/wp-content\/uploads\/2022\/06\/Montreal-Home-Spring-2012.jpg\" \/><meta itemprop=\"width\" content=\"1785\" \/><meta itemprop=\"height\" content=\"2159\" \/><meta itemprop=\"interactionType\" content=\"https:\/\/schema.org\/CommentAction\" \/><meta itemprop=\"userInteractionCount\" content=\"0\" \/>\n\t<a href='https:\/\/artcompose.ca\/en\/montreal-home-2012\/' title='Montreal Home 2012'><img width=\"847\" height=\"1024\" src=\"https:\/\/artcompose.ca\/wp-content\/uploads\/2022\/06\/Montreal-Home-Spring-2012-847x1024.jpg\" alt=\"Montreal Home Spring 2012 Front Cover\" itemprop=\"image\" decoding=\"async\" loading=\"lazy\" srcset=\"https:\/\/artcompose.ca\/wp-content\/uploads\/2022\/06\/Montreal-Home-Spring-2012-847x1024.jpg 847w, https:\/\/artcompose.ca\/wp-content\/uploads\/2022\/06\/Montreal-Home-Spring-2012-248x300.jpg 248w, https:\/\/artcompose.ca\/wp-content\/uploads\/2022\/06\/Montreal-Home-Spring-2012-768x929.jpg 768w, https:\/\/artcompose.ca\/wp-content\/uploads\/2022\/06\/Montreal-Home-Spring-2012-1270x1536.jpg 1270w, https:\/\/artcompose.ca\/wp-content\/uploads\/2022\/06\/Montreal-Home-Spring-2012-1693x2048.jpg 1693w, https:\/\/artcompose.ca\/wp-content\/uploads\/2022\/06\/Montreal-Home-Spring-2012.jpg 1785w\" sizes=\"auto, (max-width: 847px) 100vw, 847px\" \/><\/a>\n    <h3><a href='https:\/\/artcompose.ca\/en\/montreal-home-2012\/' title='Montreal Home 2012'>Montreal Home 2012<\/a><\/h3>\n\t<meta itemscope itemprop=\"mainEntityOfPage\" itemtype=\"https:\/\/schema.org\/WebPage\" itemid=\"http:\/\/3297\" content=\"Maison &#038; Demeure 2012\" \/><meta itemprop=\"datePublished\" content=\"2012-06-02\" \/><meta itemprop=\"dateModified\" content=\"2012-06-02\" \/><meta itemprop=\"name\" content=\"artcompos\u00e9\"\/><meta itemprop=\"url\" content=\"https:\/\/artcompose.ca\/en\/author\/th_artcompose\/\" \/><meta itemprop=\"name\" content=\"th_artcompose\" \/><meta itemprop=\"url\" content=\"https:\/\/artcompose.ca\/wp-content\/uploads\/2022\/06\/maison-demeure-2012.jpg\" \/><meta itemprop=\"width\" content=\"500\" \/><meta itemprop=\"height\" content=\"595\" \/><meta itemprop=\"interactionType\" content=\"https:\/\/schema.org\/CommentAction\" \/><meta itemprop=\"userInteractionCount\" content=\"0\" \/>\n\t<a href='https:\/\/artcompose.ca\/en\/maison-demeure-2012\/' title='Maison &#038; Demeure 2012'><img width=\"500\" height=\"595\" src=\"https:\/\/artcompose.ca\/wp-content\/uploads\/2022\/06\/maison-demeure-2012.jpg\" alt=\"Maison &amp; Demeure Juin 2012\" itemprop=\"image\" decoding=\"async\" loading=\"lazy\" srcset=\"https:\/\/artcompose.ca\/wp-content\/uploads\/2022\/06\/maison-demeure-2012.jpg 500w, https:\/\/artcompose.ca\/wp-content\/uploads\/2022\/06\/maison-demeure-2012-252x300.jpg 252w\" sizes=\"auto, (max-width: 500px) 100vw, 500px\" \/><\/a>\n    <h3><a href='https:\/\/artcompose.ca\/en\/maison-demeure-2012\/' title='Maison &#038; Demeure 2012'>Maison &#038; Demeure 2012<\/a><\/h3>\n\t\t<!-- .pp-content-posts -->\n\n","protected":false},"excerpt":{"rendered":"<p>It&#8217;s all in the details and the mix of styles to create spaces with character, that can harmonize places with the use of materials whose natural patina evolves over time. Discover some of our projects and ideas to inspire you. Maison &#038; Demeure 2021 Montreal Home 2014 Chez Soi 2014 House &#038; Home 2014 Montreal&hellip;<\/p>\n","protected":false},"author":1,"featured_media":0,"parent":0,"menu_order":40,"comment_status":"closed","ping_status":"closed","template":"","meta":{"footnotes":""},"class_list":["post-3258","page","type-page","status-publish","hentry"],"yoast_head":"<!-- This site is optimized with the Yoast SEO plugin v27.4 - https:\/\/yoast.com\/product\/yoast-seo-wordpress\/ -->\n<title>Media - artcompos\u00e9<\/title>\n<meta name=\"description\" content=\"A blend of our signature style with a strong understanding of our clients&#039; personalities is reflected in every home we design.\" \/>\n<meta name=\"robots\" content=\"index, follow, max-snippet:-1, max-image-preview:large, max-video-preview:-1\" \/>\n<link rel=\"canonical\" href=\"https:\/\/artcompose.ca\/en\/media\/\" \/>\n<meta property=\"og:locale\" content=\"en_US\" \/>\n<meta property=\"og:type\" content=\"article\" \/>\n<meta property=\"og:title\" content=\"Media - artcompos\u00e9\" \/>\n<meta property=\"og:description\" content=\"A blend of our signature style with a strong understanding of our clients&#039; personalities is reflected in every home we design.\" \/>\n<meta property=\"og:url\" content=\"https:\/\/artcompose.ca\/en\/media\/\" \/>\n<meta property=\"og:site_name\" content=\"artcompos\u00e9\" \/>\n<meta property=\"article:publisher\" content=\"https:\/\/www.facebook.com\/artcomposeinteriors\/\" \/>\n<meta property=\"article:modified_time\" content=\"2024-03-26T18:55:04+00:00\" \/>\n<meta property=\"og:image\" content=\"https:\/\/artcompose.ca\/wp-content\/uploads\/2022\/06\/maison-demeure-2021.jpg\" \/>\n<meta name=\"twitter:card\" content=\"summary_large_image\" \/>\n<meta name=\"twitter:label1\" content=\"Est. reading time\" \/>\n\t<meta name=\"twitter:data1\" content=\"2 minutes\" \/>\n<script type=\"application\/ld+json\" class=\"yoast-schema-graph\">{\"@context\":\"https:\\\/\\\/schema.org\",\"@graph\":[{\"@type\":\"WebPage\",\"@id\":\"https:\\\/\\\/artcompose.ca\\\/en\\\/media\\\/\",\"url\":\"https:\\\/\\\/artcompose.ca\\\/en\\\/media\\\/\",\"name\":\"Media - artcompos\u00e9\",\"isPartOf\":{\"@id\":\"https:\\\/\\\/artcompose.ca\\\/en\\\/#website\"},\"primaryImageOfPage\":{\"@id\":\"https:\\\/\\\/artcompose.ca\\\/en\\\/media\\\/#primaryimage\"},\"image\":{\"@id\":\"https:\\\/\\\/artcompose.ca\\\/en\\\/media\\\/#primaryimage\"},\"thumbnailUrl\":\"https:\\\/\\\/artcompose.ca\\\/wp-content\\\/uploads\\\/2022\\\/06\\\/maison-demeure-2021.jpg\",\"datePublished\":\"2022-05-19T21:30:19+00:00\",\"dateModified\":\"2024-03-26T18:55:04+00:00\",\"description\":\"A blend of our signature style with a strong understanding of our clients' personalities is reflected in every home we design.\",\"breadcrumb\":{\"@id\":\"https:\\\/\\\/artcompose.ca\\\/en\\\/media\\\/#breadcrumb\"},\"inLanguage\":\"en-CA\",\"potentialAction\":[{\"@type\":\"ReadAction\",\"target\":[\"https:\\\/\\\/artcompose.ca\\\/en\\\/media\\\/\"]}]},{\"@type\":\"ImageObject\",\"inLanguage\":\"en-CA\",\"@id\":\"https:\\\/\\\/artcompose.ca\\\/en\\\/media\\\/#primaryimage\",\"url\":\"https:\\\/\\\/artcompose.ca\\\/wp-content\\\/uploads\\\/2022\\\/06\\\/maison-demeure-2021.jpg\",\"contentUrl\":\"https:\\\/\\\/artcompose.ca\\\/wp-content\\\/uploads\\\/2022\\\/06\\\/maison-demeure-2021.jpg\"},{\"@type\":\"BreadcrumbList\",\"@id\":\"https:\\\/\\\/artcompose.ca\\\/en\\\/media\\\/#breadcrumb\",\"itemListElement\":[{\"@type\":\"ListItem\",\"position\":1,\"name\":\"Accueil\",\"item\":\"https:\\\/\\\/artcompose.ca\\\/en\\\/\"},{\"@type\":\"ListItem\",\"position\":2,\"name\":\"Media\"}]},{\"@type\":\"WebSite\",\"@id\":\"https:\\\/\\\/artcompose.ca\\\/en\\\/#website\",\"url\":\"https:\\\/\\\/artcompose.ca\\\/en\\\/\",\"name\":\"artcompos\u00e9\",\"description\":\"Agence de design r\u00e9sidentiel, commercial et h\u00f4telier\",\"publisher\":{\"@id\":\"https:\\\/\\\/artcompose.ca\\\/en\\\/#organization\"},\"potentialAction\":[{\"@type\":\"SearchAction\",\"target\":{\"@type\":\"EntryPoint\",\"urlTemplate\":\"https:\\\/\\\/artcompose.ca\\\/en\\\/?s={search_term_string}\"},\"query-input\":{\"@type\":\"PropertyValueSpecification\",\"valueRequired\":true,\"valueName\":\"search_term_string\"}}],\"inLanguage\":\"en-CA\"},{\"@type\":\"Organization\",\"@id\":\"https:\\\/\\\/artcompose.ca\\\/en\\\/#organization\",\"name\":\"artcompos\u00e9\",\"url\":\"https:\\\/\\\/artcompose.ca\\\/en\\\/\",\"logo\":{\"@type\":\"ImageObject\",\"inLanguage\":\"en-CA\",\"@id\":\"https:\\\/\\\/artcompose.ca\\\/en\\\/#\\\/schema\\\/logo\\\/image\\\/\",\"url\":\"https:\\\/\\\/artcompose.ca\\\/wp-content\\\/uploads\\\/2022\\\/07\\\/Facebook_AC_fr.jpg\",\"contentUrl\":\"https:\\\/\\\/artcompose.ca\\\/wp-content\\\/uploads\\\/2022\\\/07\\\/Facebook_AC_fr.jpg\",\"width\":1200,\"height\":630,\"caption\":\"artcompos\u00e9\"},\"image\":{\"@id\":\"https:\\\/\\\/artcompose.ca\\\/en\\\/#\\\/schema\\\/logo\\\/image\\\/\"},\"sameAs\":[\"https:\\\/\\\/www.facebook.com\\\/artcomposeinteriors\\\/\",\"https:\\\/\\\/www.instagram.com\\\/artcomposeinteriors\\\/\"]}]}<\/script>\n<!-- \/ Yoast SEO plugin. -->","yoast_head_json":{"title":"Media - artcompos\u00e9","description":"A blend of our signature style with a strong understanding of our clients' personalities is reflected in every home we design.","robots":{"index":"index","follow":"follow","max-snippet":"max-snippet:-1","max-image-preview":"max-image-preview:large","max-video-preview":"max-video-preview:-1"},"canonical":"https:\/\/artcompose.ca\/en\/media\/","og_locale":"en_US","og_type":"article","og_title":"Media - artcompos\u00e9","og_description":"A blend of our signature style with a strong understanding of our clients' personalities is reflected in every home we design.","og_url":"https:\/\/artcompose.ca\/en\/media\/","og_site_name":"artcompos\u00e9","article_publisher":"https:\/\/www.facebook.com\/artcomposeinteriors\/","article_modified_time":"2024-03-26T18:55:04+00:00","og_image":[{"url":"https:\/\/artcompose.ca\/wp-content\/uploads\/2022\/06\/maison-demeure-2021.jpg","type":"","width":"","height":""}],"twitter_card":"summary_large_image","twitter_misc":{"Est. reading time":"2 minutes"},"schema":{"@context":"https:\/\/schema.org","@graph":[{"@type":"WebPage","@id":"https:\/\/artcompose.ca\/en\/media\/","url":"https:\/\/artcompose.ca\/en\/media\/","name":"Media - artcompos\u00e9","isPartOf":{"@id":"https:\/\/artcompose.ca\/en\/#website"},"primaryImageOfPage":{"@id":"https:\/\/artcompose.ca\/en\/media\/#primaryimage"},"image":{"@id":"https:\/\/artcompose.ca\/en\/media\/#primaryimage"},"thumbnailUrl":"https:\/\/artcompose.ca\/wp-content\/uploads\/2022\/06\/maison-demeure-2021.jpg","datePublished":"2022-05-19T21:30:19+00:00","dateModified":"2024-03-26T18:55:04+00:00","description":"A blend of our signature style with a strong understanding of our clients' personalities is reflected in every home we design.","breadcrumb":{"@id":"https:\/\/artcompose.ca\/en\/media\/#breadcrumb"},"inLanguage":"en-CA","potentialAction":[{"@type":"ReadAction","target":["https:\/\/artcompose.ca\/en\/media\/"]}]},{"@type":"ImageObject","inLanguage":"en-CA","@id":"https:\/\/artcompose.ca\/en\/media\/#primaryimage","url":"https:\/\/artcompose.ca\/wp-content\/uploads\/2022\/06\/maison-demeure-2021.jpg","contentUrl":"https:\/\/artcompose.ca\/wp-content\/uploads\/2022\/06\/maison-demeure-2021.jpg"},{"@type":"BreadcrumbList","@id":"https:\/\/artcompose.ca\/en\/media\/#breadcrumb","itemListElement":[{"@type":"ListItem","position":1,"name":"Accueil","item":"https:\/\/artcompose.ca\/en\/"},{"@type":"ListItem","position":2,"name":"Media"}]},{"@type":"WebSite","@id":"https:\/\/artcompose.ca\/en\/#website","url":"https:\/\/artcompose.ca\/en\/","name":"artcompos\u00e9","description":"Agence de design r\u00e9sidentiel, commercial et h\u00f4telier","publisher":{"@id":"https:\/\/artcompose.ca\/en\/#organization"},"potentialAction":[{"@type":"SearchAction","target":{"@type":"EntryPoint","urlTemplate":"https:\/\/artcompose.ca\/en\/?s={search_term_string}"},"query-input":{"@type":"PropertyValueSpecification","valueRequired":true,"valueName":"search_term_string"}}],"inLanguage":"en-CA"},{"@type":"Organization","@id":"https:\/\/artcompose.ca\/en\/#organization","name":"artcompos\u00e9","url":"https:\/\/artcompose.ca\/en\/","logo":{"@type":"ImageObject","inLanguage":"en-CA","@id":"https:\/\/artcompose.ca\/en\/#\/schema\/logo\/image\/","url":"https:\/\/artcompose.ca\/wp-content\/uploads\/2022\/07\/Facebook_AC_fr.jpg","contentUrl":"https:\/\/artcompose.ca\/wp-content\/uploads\/2022\/07\/Facebook_AC_fr.jpg","width":1200,"height":630,"caption":"artcompos\u00e9"},"image":{"@id":"https:\/\/artcompose.ca\/en\/#\/schema\/logo\/image\/"},"sameAs":["https:\/\/www.facebook.com\/artcomposeinteriors\/","https:\/\/www.instagram.com\/artcomposeinteriors\/"]}]}},"_links":{"self":[{"href":"https:\/\/artcompose.ca\/en\/wp-json\/wp\/v2\/pages\/3258","targetHints":{"allow":["GET"]}}],"collection":[{"href":"https:\/\/artcompose.ca\/en\/wp-json\/wp\/v2\/pages"}],"about":[{"href":"https:\/\/artcompose.ca\/en\/wp-json\/wp\/v2\/types\/page"}],"author":[{"embeddable":true,"href":"https:\/\/artcompose.ca\/en\/wp-json\/wp\/v2\/users\/1"}],"replies":[{"embeddable":true,"href":"https:\/\/artcompose.ca\/en\/wp-json\/wp\/v2\/comments?post=3258"}],"version-history":[{"count":7,"href":"https:\/\/artcompose.ca\/en\/wp-json\/wp\/v2\/pages\/3258\/revisions"}],"predecessor-version":[{"id":4547,"href":"https:\/\/artcompose.ca\/en\/wp-json\/wp\/v2\/pages\/3258\/revisions\/4547"}],"wp:attachment":[{"href":"https:\/\/artcompose.ca\/en\/wp-json\/wp\/v2\/media?parent=3258"}],"curies":[{"name":"wp","href":"https:\/\/api.w.org\/{rel}","templated":true}]}}